{"id":5288,"date":"2025-06-11T09:14:19","date_gmt":"2025-06-11T07:14:19","guid":{"rendered":"https:\/\/dalmatie-group.com\/hotel-labineca\/kinderurlaub"},"modified":"2025-11-28T13:01:16","modified_gmt":"2025-11-28T12:01:16","slug":"kinderurlaub","status":"publish","type":"page","link":"https:\/\/dalmatie-group.com\/de\/hotel-labineca\/kinderurlaub","title":{"rendered":"Kinderurlaub"},"content":{"rendered":"\n<main class=\"wp-block-group section-has-image-text-parts is-layout-flow wp-block-group-is-layout-flow\">\n<section id=\"Section\" class=\"wp-block-group Homepage hero has-normal-font-size is-content-justification-center is-nowrap is-layout-flex wp-container-core-group-is-layout-684a194d wp-block-group-is-layout-flex has-background\" style=\"min-height:100svh;margin-top:0;margin-bottom:0;padding-top:0;padding-right:var(--wp--preset--spacing--base);padding-bottom:0;padding-left:var(--wp--preset--spacing--base);background-image:url(&apos;https:\/\/dalmatie-group.com\/wp-content\/uploads\/2025\/06\/990b81ad2879c619a40ac4d02b31cfef4a566e00.jpg&apos;);background-size:cover;\">\n<div class=\"wp-block-group alignfull has-global-padding is-layout-constrained wp-container-core-group-is-layout-c5bdb6cc wp-block-group-is-layout-constrained\">\n<div class=\"wp-block-group has-global-padding is-layout-constrained wp-container-core-group-is-layout-df7366e0 wp-block-group-is-layout-constrained\" style=\"margin-bottom:var(--wp--preset--spacing--24-px)\">\n<h1 class=\"wp-block-heading alignfull has-text-align-center has-white-color has-text-color has-link-color has-brandon-grotesque-font-family has-xx-large-font-size wp-elements-5212082657fdbd4608615edcc0d7754f\" style=\"font-style:normal;font-weight:400\">Kinderurlaub<\/h1>\n<\/div>\n<\/div>\n\n\n\n<div class=\"wp-block-group go-back-wrapper flex items-center gap-2 is-layout-flow wp-block-group-is-layout-flow\">\n<div class=\"wp-block-buttons is-layout-flex wp-block-buttons-is-layout-flex\">\n<div class=\"wp-block-button btn--goback\"><a class=\"wp-block-button__link wp-element-button\">.<\/a><\/div>\n<\/div>\n\n\n\n<p class=\"has-white-color has-text-color has-link-color wp-elements-837b1f19b9e8e0592a83a697eae9dddf\">Z\u00fcruck<\/p>\n<\/div>\n<\/section>\n\n\n\n<div class=\"wp-block-group hotel-book-now divider has-blue-background-color has-background is-content-justification-space-between is-nowrap is-layout-flex wp-container-core-group-is-layout-803e6228 wp-block-group-is-layout-flex\" style=\"padding-top:var(--wp--preset--spacing--16-px);padding-right:var(--wp--preset--spacing--16-px);padding-bottom:var(--wp--preset--spacing--16-px);padding-left:var(--wp--preset--spacing--16-px)\">\n<p class=\"has-brandon-grotesque-font-family has-normal-font-size\"><strong>Hotel Labineca<\/strong><\/p>\n\n\n\n<div class=\"wp-block-buttons is-layout-flex wp-block-buttons-is-layout-flex\">\n<div class=\"wp-block-button book-now-button\"><a class=\"wp-block-button__link wp-element-button\">Jetzt buchen<\/a><\/div>\n<\/div>\n<\/div>\n\n\n\n<section class=\"wp-block-group has-white-background-color has-background is-layout-flow wp-block-group-is-layout-flow\" style=\"padding-top:var(--wp--preset--spacing--24-px);padding-right:var(--wp--preset--spacing--16-px);padding-bottom:var(--wp--preset--spacing--24-px);padding-left:var(--wp--preset--spacing--16-px)\">\n<div class=\"wp-block-group is-layout-flow wp-block-group-is-layout-flow\">\n<div class=\"wp-block-group is-layout-flow wp-block-group-is-layout-flow\">\n<div class=\"wp-block-columns justify-between is-layout-flex wp-container-core-columns-is-layout-28f84493 wp-block-columns-is-layout-flex\">\n<div class=\"wp-block-column is-layout-flow wp-block-column-is-layout-flow\" style=\"flex-basis:40%\">\n<div class=\"wp-block-group h-full items-center is-horizontal is-content-justification-left is-nowrap is-layout-flex wp-container-core-group-is-layout-e5fbeb3a wp-block-group-is-layout-flex\">\n<div class=\"wp-block-columns is-layout-flex wp-container-core-columns-is-layout-9ea6efd9 wp-block-columns-is-layout-flex\" style=\"padding-left:var(--wp--preset--spacing--32-px)\">\n<div class=\"wp-block-column is-layout-flow wp-block-column-is-layout-flow\" style=\"flex-basis:26rem\">\n<div class=\"wp-block-group is-layout-flow wp-block-group-is-layout-flow\">\n<div class=\"wp-block-group is-layout-flow wp-block-group-is-layout-flow\" style=\"padding-bottom:var(--wp--preset--spacing--24-px)\">\n<h2 class=\"wp-block-heading has-black-color has-text-color has-link-color has-brandon-grotesque-font-family has-40-px-font-size wp-elements-c4aef916dcfbd3ff61de45d9cc255a31\" style=\"font-style:normal;font-weight:500\">Spa\u00df f\u00fcr Kinder, Ruhe f\u00fcr Eltern<\/h2>\n<\/div>\n\n\n\n<p class=\"has-small-font-size\">Kids can enjoy supervised games, creative workshops, and themed activities designed just for them while parents unwind, knowing their little ones are safe, happy, and entertained. From active play to quiet moments, there\u2019s something to suit every mood and personality. <\/p>\n<\/div>\n<\/div>\n<\/div>\n<\/div>\n<\/div>\n\n\n\n<div class=\"wp-block-column is-layout-flow wp-block-column-is-layout-flow\" style=\"flex-basis:60%\">\n<div class=\"wp-block-group is-layout-flow wp-block-group-is-layout-flow\"><?xml encoding=\"utf-8\" ?><figure class=\"wp-block-image size-full w-full--img\"><img loading=\"lazy\" decoding=\"async\" width=\"1666\" height=\"987\" src=\"https:\/\/dalmatie-group.com\/wp-content\/uploads\/2025\/08\/7004445276c9d75025147ca49754bb7a03284e82.jpg\" alt=\"\" class=\"wp-image-3357\" style=\"aspect-ratio:417\/325;object-fit:cover\" sizes=\"auto, (max-width: 1668px) 100vw, 1668px\" srcset=\"https:\/\/dalmatie-group.com\/wp-content\/uploads\/2025\/08\/7004445276c9d75025147ca49754bb7a03284e82.jpg 1666w, https:\/\/dalmatie-group.com\/wp-content\/uploads\/2025\/08\/7004445276c9d75025147ca49754bb7a03284e82-640x379.jpg 640w, https:\/\/dalmatie-group.com\/wp-content\/uploads\/2025\/08\/7004445276c9d75025147ca49754bb7a03284e82-1280x758.jpg 1280w, https:\/\/dalmatie-group.com\/wp-content\/uploads\/2025\/08\/7004445276c9d75025147ca49754bb7a03284e82-320x190.jpg 320w, https:\/\/dalmatie-group.com\/wp-content\/uploads\/2025\/08\/7004445276c9d75025147ca49754bb7a03284e82-960x569.jpg 960w\" \/><\/figure>\n<\/div>\n<\/div>\n<\/div>\n<\/div>\n<\/div>\n<\/section>\n\n\n\n<section class=\"wp-block-group has-white-background-color has-background is-layout-flow wp-block-group-is-layout-flow\" style=\"padding-top:var(--wp--preset--spacing--24-px);padding-right:var(--wp--preset--spacing--16-px);padding-bottom:var(--wp--preset--spacing--24-px);padding-left:var(--wp--preset--spacing--16-px)\">\n<div class=\"wp-block-group is-layout-flow wp-block-group-is-layout-flow\">\n<div class=\"wp-block-group is-layout-flow wp-block-group-is-layout-flow\">\n<div class=\"wp-block-columns justify-between is-layout-flex wp-container-core-columns-is-layout-28f84493 wp-block-columns-is-layout-flex\">\n<div class=\"wp-block-column is-layout-flow wp-block-column-is-layout-flow\" style=\"flex-basis:60%\">\n<div class=\"wp-block-group is-layout-flow wp-block-group-is-layout-flow\"><?xml encoding=\"utf-8\" ?><figure class=\"wp-block-image size-full w-full--img w-full\"><img loading=\"lazy\" decoding=\"async\" width=\"1668\" height=\"1112\" src=\"https:\/\/dalmatie-group.com\/wp-content\/uploads\/2025\/08\/6474d18cc13ffa7b09f2795063c31376e20fa08f.jpg\" alt=\"\" class=\"wp-image-3355\" style=\"aspect-ratio:417\/325;object-fit:cover\" sizes=\"auto, (max-width: 1668px) 100vw, 1668px\" srcset=\"https:\/\/dalmatie-group.com\/wp-content\/uploads\/2025\/08\/6474d18cc13ffa7b09f2795063c31376e20fa08f.jpg 1668w, https:\/\/dalmatie-group.com\/wp-content\/uploads\/2025\/08\/6474d18cc13ffa7b09f2795063c31376e20fa08f-640x427.jpg 640w, https:\/\/dalmatie-group.com\/wp-content\/uploads\/2025\/08\/6474d18cc13ffa7b09f2795063c31376e20fa08f-1280x853.jpg 1280w, https:\/\/dalmatie-group.com\/wp-content\/uploads\/2025\/08\/6474d18cc13ffa7b09f2795063c31376e20fa08f-320x213.jpg 320w, https:\/\/dalmatie-group.com\/wp-content\/uploads\/2025\/08\/6474d18cc13ffa7b09f2795063c31376e20fa08f-960x640.jpg 960w\" \/><\/figure>\n<\/div>\n<\/div>\n\n\n\n<div class=\"wp-block-column is-layout-flow wp-container-core-column-is-layout-867e9b71 wp-block-column-is-layout-flow\" style=\"padding-left:var(--wp--preset--spacing--vw-normal);flex-basis:40%\">\n<div class=\"wp-block-group h-full items-center is-horizontal is-content-justification-left is-nowrap is-layout-flex wp-container-core-group-is-layout-e5fbeb3a wp-block-group-is-layout-flex\">\n<div class=\"wp-block-columns is-layout-flex wp-container-core-columns-is-layout-28f84493 wp-block-columns-is-layout-flex\">\n<div class=\"wp-block-column is-layout-flow wp-block-column-is-layout-flow\" style=\"flex-basis:26rem\">\n<div class=\"wp-block-group is-layout-flow wp-block-group-is-layout-flow\">\n<div class=\"wp-block-group is-layout-flow wp-block-group-is-layout-flow\" style=\"padding-bottom:var(--wp--preset--spacing--24-px)\">\n<h2 class=\"wp-block-heading has-black-color has-text-color has-link-color has-brandon-grotesque-font-family has-40-px-font-size wp-elements-ca0b52a605017ff7d2a90f5804d4a737\" style=\"font-style:normal;font-weight:500\">Familienerinnerungen schaffen, die bleiben<\/h2>\n<\/div>\n\n\n\n<p class=\"has-small-font-size\">Wir haben unsere familienfreundlichen Bereiche so gestaltet, dass sie unvergessliche Erinnerungen schaffen. Und w\u00e4hrend wir unsere Einrichtungen und Programme f\u00fcr Kinder stetig verbessern, bleibt es unser Ziel, das Hotel Labineca zu einem Ort zu machen, an dem sich jedes Familienmitglied wie zu Hause f\u00fchlt. Denn wenn Kinder l\u00e4cheln, werden Urlaube zu wahrhaft unvergesslichen Erlebnissen.   <\/p>\n<\/div>\n<\/div>\n<\/div>\n<\/div>\n<\/div>\n<\/div>\n<\/div>\n<\/div>\n<\/section>\n\n\n\n<div class=\"wp-block-group has-light-blue-background-color has-background is-layout-flow wp-block-group-is-layout-flow\" style=\"padding-top:var(--wp--preset--spacing--xxs-small);padding-right:0;padding-bottom:var(--wp--preset--spacing--xxs-small);padding-left:0\">\n<div class=\"wp-block-group has-light-blue-background-color has-background has-global-padding is-layout-constrained wp-container-core-group-is-layout-5f69fbc1 wp-block-group-is-layout-constrained\" style=\"padding-top:var(--wp--preset--spacing--64-px);padding-right:var(--wp--preset--spacing--16-px);padding-bottom:var(--wp--preset--spacing--64-px);padding-left:var(--wp--preset--spacing--16-px)\">\n<div class=\"wp-block-group is-layout-flow wp-block-group-is-layout-flow\" style=\"margin-top:0rem;margin-bottom:0rem\">\n<h2 class=\"wp-block-heading has-text-align-center has-black-color has-text-color has-link-color has-brandon-grotesque-font-family has-40-px-font-size wp-elements-ce571f161057feb2197967d49868a99e\" style=\"font-style:normal;font-weight:400\">Exklusive Angebote und Erlebnisse sichern<\/h2>\n\n\n\n<p class=\"has-text-align-center has-small-font-size\">Erhalten Sie als Erster Zugriff auf Sonderangebote, Insidertipps und unvergessliche Urlaubsideen. Wir bringen Ihnen Freude, Komfort und Abenteuer direkt in Ihren Posteingang. <\/p>\n<\/div>\n\n\n\n<div class=\"wp-block-group forminator is-layout-flow wp-block-group-is-layout-flow\" style=\"padding-top:2rem\">\n<div class=\"forminator-ui forminator-custom-form forminator-custom-form-211 forminator-design--basic  forminator_ajax\" data-forminator-render=\"0\" data-form=\"forminator-module-211\" data-uid=\"69d01d5924d55\"><br\/><\/div><form\n\t\t\t\tid=\"forminator-module-211\"\n\t\t\t\tclass=\"forminator-ui forminator-custom-form forminator-custom-form-211 forminator-design--basic  forminator_ajax\"\n\t\t\t\tmethod=\"post\"\n\t\t\t\tdata-forminator-render=\"0\"\n\t\t\t\tdata-form-id=\"211\"\n\t\t\t\t data-color-option=\"theme\" data-design=\"basic\" data-grid=\"open\" style=\"display: none;\"\n\t\t\t\tdata-uid=\"69d01d5924d55\"\n\t\t\t><div role=\"alert\" aria-live=\"polite\" class=\"forminator-response-message forminator-error\" aria-hidden=\"true\"><\/div><div class=\"forminator-row\"><div id=\"email-1\" class=\"forminator-field-email forminator-col forminator-col-12 \"><div class=\"forminator-field\"><input type=\"email\" name=\"email-1\" value=\"\" placeholder=\"Enter your email to get the latest news...\" id=\"forminator-field-email-1_69d01d5924d55\" class=\"forminator-input forminator-email--field\" data-required=\"true\" aria-required=\"true\" autocomplete=\"email\" \/><\/div><\/div><\/div><input type=\"hidden\" name=\"referer_url\" value=\"\" \/><div class=\"forminator-row forminator-row-last\"><div class=\"forminator-col\"><div class=\"forminator-field\"><button class=\"forminator-button forminator-button-submit wp-block-button__link wp-element-button\">Subscribe<\/button><\/div><\/div><\/div><input type=\"hidden\" id=\"forminator_nonce\" name=\"forminator_nonce\" value=\"0cbc25be73\" \/><input type=\"hidden\" name=\"_wp_http_referer\" value=\"\/de\/wp-json\/wp\/v2\/pages\/5288\" \/><input type=\"hidden\" name=\"form_id\" value=\"211\"><input type=\"hidden\" name=\"page_id\" value=\"5288\"><input type=\"hidden\" name=\"form_type\" value=\"default\"><input type=\"hidden\" name=\"current_url\" value=\"https:\/\/dalmatie-group.com\/de\/hotel-labineca\/kinderurlaub\"><input type=\"hidden\" name=\"render_id\" value=\"0\"><input type=\"hidden\" name=\"action\" value=\"forminator_submit_form_custom-forms\"><label for=\"input_2\" class=\"forminator-hidden\" aria-hidden=\"true\">Bitte f\u00fclle dieses Feld nicht aus. <input id=\"input_2\" type=\"text\" name=\"input_2\" value=\"\" autocomplete=\"off\"><\/label><\/form>\n<\/div>\n\n\n\n<div class=\"wp-block-group is-layout-flow wp-block-group-is-layout-flow\" style=\"padding-top:var(--wp--preset--spacing--16-px);padding-right:var(--wp--preset--spacing--base);padding-left:var(--wp--preset--spacing--base)\">\n<p class=\"has-text-align-center has-text-color has-link-color has-small-font-size wp-elements-0672abea52e17236bf5b7dec0969ce8d\" style=\"color:#0b1a32b3\">Mit der Anmeldung zum Newsletter stimme ich der <a href=\"https:\/\/dalmatie-group.com\/de\/datenschutzerklaerung\" data-type=\"page\" data-id=\"3\">Datenschutzerkl\u00e4rung<\/a> zu.<\/p>\n<\/div>\n<\/div>\n<\/div>\n<\/main>\n","protected":false},"excerpt":{"rendered":"<p>Kinderurlaub Z\u00fcruck Hotel Labineca Spa\u00df f\u00fcr Kinder, Ruhe f\u00fcr Eltern Kids can enjoy supervised games, creative workshops, and themed activities designed just for them while parents unwind, knowing their little ones are safe, happy, and entertained. From active play to quiet moments, there\u2019s something to suit every mood and personality. Familienerinnerungen schaffen, die bleiben Wir [&hellip;]<\/p>\n","protected":false},"author":3,"featured_media":0,"parent":4410,"menu_order":168,"comment_status":"closed","ping_status":"closed","template":"wp-custom-template-hotel-labineca","meta":{"_acf_changed":false,"kontra_seo_title":"","kontra_seo_description":"","kontra_seo_image":0,"kontra_seo_canonical":"","kontra_seo_disabled":false,"footnotes":""},"class_list":["post-5288","page","type-page","status-publish","hentry"],"acf":[],"_links":{"self":[{"href":"https:\/\/dalmatie-group.com\/de\/wp-json\/wp\/v2\/pages\/5288","targetHints":{"allow":["GET"]}}],"collection":[{"href":"https:\/\/dalmatie-group.com\/de\/wp-json\/wp\/v2\/pages"}],"about":[{"href":"https:\/\/dalmatie-group.com\/de\/wp-json\/wp\/v2\/types\/page"}],"author":[{"embeddable":true,"href":"https:\/\/dalmatie-group.com\/de\/wp-json\/wp\/v2\/users\/3"}],"replies":[{"embeddable":true,"href":"https:\/\/dalmatie-group.com\/de\/wp-json\/wp\/v2\/comments?post=5288"}],"version-history":[{"count":2,"href":"https:\/\/dalmatie-group.com\/de\/wp-json\/wp\/v2\/pages\/5288\/revisions"}],"predecessor-version":[{"id":5291,"href":"https:\/\/dalmatie-group.com\/de\/wp-json\/wp\/v2\/pages\/5288\/revisions\/5291"}],"up":[{"embeddable":true,"href":"https:\/\/dalmatie-group.com\/de\/wp-json\/wp\/v2\/pages\/4410"}],"wp:attachment":[{"href":"https:\/\/dalmatie-group.com\/de\/wp-json\/wp\/v2\/media?parent=5288"}],"curies":[{"name":"wp","href":"https:\/\/api.w.org\/{rel}","templated":true}]}}